{"id":36,"date":"2011-12-07T17:58:46","date_gmt":"2011-12-07T17:58:46","guid":{"rendered":"http:\/\/xn--pntanell-65a.de\/?page_id=36"},"modified":"2011-12-07T17:58:46","modified_gmt":"2011-12-07T17:58:46","slug":"p-u-p-s","status":"publish","type":"page","link":"http:\/\/xn--pntanell-65a.de\/?page_id=36","title":{"rendered":"P.U.P.S."},"content":{"rendered":"<p>Was neue Eltern in den ersten Monaten am meisten besch\u00e4ftigt und was das Kind am h\u00e4ufigsten qu\u00e4lt, ist die Verdauung. Auf dieser Seite will ich in den kommenden Wochen sammeln, was Lina alles geholfen hat. Vielleicht ist manches nur Plazebo, aber der Zweck heiligt die Mittel. Und es ist schon bemerkenswert, dass die Kinder in dem Alter gelobt werden f\u00fcr jeden Pups und die Eltern sich wie Bolle freuen. 10 Jahre sp\u00e4ter sieht das ganz anders aus&#8230;<\/p>\n<p>Alles, was ich hier schreibe, ist die Zusammenfassung eines medizinmischen Laien. Ich erhebe keinen Anspruch auf Vollst\u00e4ndigkeit und bitte jeden vorm Nachmachen den gesunden Menschenverstand einzuschalten.<\/p>\n<p>Zuallerst singe ich Lina oft was vor. Das beruhigt nicht immer sie, aber auf jeden Fall mich.<\/p>\n<p>Und dann sollte man noch wissen, dass Kinder in dem Alter eine sehr sehr unregelm\u00e4\u00dfige Verdauung haben. Manchmal macht sie am Tag mehrfach die Windel voll, manchmal tagelang garnicht. Bis zu 10 Tage ist normal. Man braucht dort also keine Bedenken zu haben.<\/p>\n<p>Wenn das Kind einen roten Kopf hat und die Beine anzieht, dazu noch der Bauch straff wie eine Trommel ist, dann hat das Kind Bl\u00e4hungen.<\/p>\n<ul>\n<li>Pr\u00e4ventiv muss das Kind nach jeder Mahlzeit ein B\u00e4uerchen machen. Bzw man sollte darauf achten, dass es m\u00f6glichst wenig Luft schluckt.<\/li>\n<li>Pr\u00e4ventiv hilft auch, wenn die Mutter Fencheltee trinkt. Gl\u00fccklicherweise schmeckt der mir wirklich richtig gut, so dass ich am Tag 2 Kannen davon trinke.<\/li>\n<li>Alles, was ich esse, kommt ja auch irgendwie beim Kind an. Da hilft nur experimentieren: So wissen wir inzwischen, dass sie schreit, wenn ich am Tag vorher einen D\u00f6ner hatte. Also f\u00e4llt Bl\u00e4hendes (Sauerkraut, Gr\u00fcnkohl, Bohnen, Zwiebeln&#8230;) f\u00fcr mich im Moment flach.<\/li>\n<li>Die Sache mit der Milch: Mein Kinderarzt erkl\u00e4rte mir, dass winzige Mengen Kuhmilch den Weg durch meine Muttermilch zu ihr finden w\u00fcrden. Ihr Organismus kann die Kuhmilch aber erst mit drei Monaten verarbeiten. Deshalb solle ich meinen Milchkonsum einstellen. Ich habe das mal f\u00fcr drei Tage versucht und bei ihr keine Ver\u00e4nderung festgestellt. Also trinke und esse ich weiter Kuhmilch. Aber vielleicht hilft der Tipp ja jemand anderem.<\/li>\n<li>Oft hilft schon der Fliegergriff. Also das Kind auf den Bauch drehen, den Kopf in der Ellbogenbeuge parken und die Hand unter den Bauch legen. Dann umhergehen und das Kind leicht schuckeln.\u00a0 Oder das Kind mit dem Bauch auf den Oberschenkel legen und die F\u00fc\u00dfe zwischen den Beinen festklemmen.<\/li>\n<li>W\u00e4rme ist f\u00fcr die Kinder immer angenehm. Ich habe hier ein K\u00f6rnerkissen, in dem ein wenig Lavendel drin ist, was zus\u00e4tzlich beruhigend wirkt. K\u00f6rnerkissen haben den Vorteil gegen\u00fcber klassischen W\u00e4rmflaschen, dass sie in der Microwelle erstens viel schneller zu erw\u00e4rmen sind und zweitens kein kochendhei\u00dfes Wasser das Kind verletzen kann, wenn die W\u00e4rmflasche mal undicht sein sollte. Das Kissen auf Bauch oder R\u00fccken plazieren.<\/li>\n<li>Und dann w\u00e4re da noch die Bauchmassage. Im Moment besuche ich einen Babymassagekurs, in dem ich immer wieder ein paar neue Handgriffe lerne. Wenn man das Kind massiert, sollte man ein neutrales, reines \u00d6l verwenden: biologisches Oliven\u00f6l oder reines Mandel\u00f6l. Das klassische Baby\u00f6l aus der Drogerie ist nur zweite Wahl, da es oft mit Paraffin und Parf\u00fcm versetzt ist, was dem Kind eher schadet als n\u00fctzt.<br \/>\n<strong>Technik 1:<\/strong> Ausstreiches des Bauchs vom Sternum entlang des Rippenbogens zur Seite.<br \/>\n<strong>Technik 2:<\/strong> Gegen\u00fcber des Blinddarms mit zwei Fingern sanft in den Bauch dr\u00fccken. An dieser Stelle knickt der Dickdarm in den Mastdarm ab und dort knubbelt &#8222;es&#8220; sich oft. Also hier immer mal wieder ein wenig dr\u00fccken.<br \/>\n<strong>Technik 3:<\/strong> Wenn das Kind auf dem R\u00fccken liegt die Beine in die Hand nehmen, die Knie sanft Richtung Bauch dr\u00fccken\u00a0 und im Uhrzeigersinn drehen, so das das Kreuzbein ein wenig kreist.<br \/>\n<strong>Technik 4:<\/strong> Sonne und Mond (sch\u00f6ner Name, nicht wahr?). Mit der rechten Hand streicht man im Uhrzeigersinn um den Bauchnabel herum &#8211; das ist die runde Sonne. Wenn die rechte Hand auf der rechten K\u00f6rperseite nach unten streicht, dann streicht die linke Hand zugleich nach oben (das ist die Mondsichel).<br \/>\n<strong>Techink 5: <\/strong> Man stelle sich um den Bauchnabel herum eine Uhr vor. Von 5Uhr an dr\u00fcckt man bei jeder Stunde kr\u00e4ftig in den Bauch bis 2Uhr. Von dort sanft dr\u00fccken bis 5Uhr. Und das beliebig oft im Kreis herum.<\/li>\n<li>Kommen wir zu dem, was die Apotheke so bietet. Bitte hierbei beachten, dass die Verdauung\u00a0 eventuell noch tr\u00e4ger wird, wenn man diese Mittel zu oft einsetzt.<br \/>\n<strong>Lefax\/SabSimplex<\/strong>: Hierbei handel es sich um einen Saft, den man dem Kind vor der Mahlzeit gibt, oder der in die Flasche ger\u00fchrt werden kann. Lefax l\u00f6st die Bl\u00e4schen im Bauch auf, so dass sie den Weg nach draussen leichter finden.<br \/>\n<strong>K\u00fcmmelz\u00e4pfchen<\/strong>: Im Medizinerjargon Carum carvi genannt. Jeder wei\u00df, wie man Z\u00e4pfchen benutzt und hier verweise ich auf die Packungsbeilage. Es gibt sie von Wala und von Weleda. Die von Weleda sind mehr zu empfehlen, da sie ohne Tollkirsche sind, die bei ganz kleinen Kindern Probleme ausl\u00f6sen k\u00f6nnen.<br \/>\n<strong>Babylax<\/strong>: Hierbei handelt es sich um Miniklistiere. Auch hier bitte die Packungsbeilage lesen. Ich empfinde solche Klistiere als f\u00fcr das Kindziemlich belastend und sehe diese als letzte M\u00f6glichkeit an.<br \/>\n<strong>Windsalbe<\/strong>: Sany hat in den Kommentaren schon darauf hingewiesen, aber ich habe erst jetzt eigene Erfahrungen damit gemacht und schreibe deshalb nun dar\u00fcber. Windsalbe bekommt man in der Apotheke und sie hei\u00dft wirklich so. Der Wirkstoff ist wie bei den K\u00fcmmelz\u00e4pfchen auch K\u00fcmmel\u00f6l. Dieses ist mit Vaseline versetzt und man kann es wie Massage\u00f6l verwenden. Es sind keine Nebenwirkungen bekant. Allerdings ist Windsalbe eher ein pr\u00e4ventives Mittel, denn das Kind sollte damit regelm\u00e4\u00dfig (jeden Abend oder nach dem Baden) damit am Bauch im Uhrzeigersinn massiert werden. (Siehe auch <a href=\"http:\/\/www.windsalbe.de\">http:\/\/www.windsalbe.de<\/a>)<\/li>\n<\/ul>\n<p>Das ist also die Palette der M\u00f6glichkeiten, die ich bisher getestet habe. Sobald ich noch weitere Therapien finde, werde ich hier erg\u00e4nzen. Gerne greife ich auch Vorschl\u00e4ge aus den auf.<\/p>\n","protected":false},"excerpt":{"rendered":"<p>Was neue Eltern in den ersten Monaten am meisten besch\u00e4ftigt und was das Kind am h\u00e4ufigsten qu\u00e4lt, ist die Verdauung. Auf dieser Seite will ich in den kommenden Wochen sammeln, was Lina alles geholfen hat. Vielleicht ist manches nur Plazebo, aber der Zweck heiligt die Mittel. Und es ist schon bemerkenswert, dass die Kinder in [&hellip;]<\/p>\n","protected":false},"author":1,"featured_media":0,"parent":0,"menu_order":0,"comment_status":"open","ping_status":"open","template":"","meta":{"ngg_post_thumbnail":0},"_links":{"self":[{"href":"http:\/\/xn--pntanell-65a.de\/index.php?rest_route=\/wp\/v2\/pages\/36"}],"collection":[{"href":"http:\/\/xn--pntanell-65a.de\/index.php?rest_route=\/wp\/v2\/pages"}],"about":[{"href":"http:\/\/xn--pntanell-65a.de\/index.php?rest_route=\/wp\/v2\/types\/page"}],"author":[{"embeddable":true,"href":"http:\/\/xn--pntanell-65a.de\/index.php?rest_route=\/wp\/v2\/users\/1"}],"replies":[{"embeddable":true,"href":"http:\/\/xn--pntanell-65a.de\/index.php?rest_route=%2Fwp%2Fv2%2Fcomments&post=36"}],"version-history":[{"count":0,"href":"http:\/\/xn--pntanell-65a.de\/index.php?rest_route=\/wp\/v2\/pages\/36\/revisions"}],"wp:attachment":[{"href":"http:\/\/xn--pntanell-65a.de\/index.php?rest_route=%2Fwp%2Fv2%2Fmedia&parent=36"}],"curies":[{"name":"wp","href":"https:\/\/api.w.org\/{rel}","templated":true}]}}