{"id":5,"date":"2011-12-01T11:49:01","date_gmt":"2011-12-01T11:49:01","guid":{"rendered":"http:\/\/xn--pntanell-65a.de\/?page_id=4"},"modified":"2025-08-15T05:13:16","modified_gmt":"2025-08-15T03:13:16","slug":"uber-uns","status":"publish","type":"page","link":"http:\/\/xn--pntanell-65a.de\/?page_id=5","title":{"rendered":"\u00dcber uns"},"content":{"rendered":"<p>Dieses Blog ist der Nachfolger von <a href=\"http:\/\/unser-kind-kommt.de\/\">http:\/\/unser-kind-kommt.de\/<\/a>. Denn das Kind ist nun da und hei\u00dft Lina Theresa.<\/p>\n<p>Hier geht es also unser Leben mit Lina Theresa. &#8222;Uns&#8220; das sind in erster Linie Erik und Christine aus M\u00f6nchengladbach-Rheydt. Das &#8222;Rheydt&#8220; ist wichtig, wie man im Verlaufe der Zeit noch feststellen wird. Und zu uns geh\u00f6rt auch Laura, Eriks gro\u00dfe Tochter. Sie ist die gro\u00dfe Schwester von Lina und exakt 18 Jahre und 12 Stunden \u00e4lter als ihre kleine Schwester. Richtig kombiniert: Die beiden S\u00fc\u00dfen haben am gleichen Tag Geburtstag.<\/p>\n<p>Und ich m\u00f6chte noch ein paar Worte zu dem doch sehr seltsamen Titel &#8222;P\u00fcntanell&#8220; verlieren. Zum einen finde ich Umlautdomains herrlich kompliziert und cool und deshalb musste es diesmal eine Umlautdomain sein.<br \/>\nZum anderen hat das Wort &#8222;P\u00fcntanell&#8220; eine anekdotische Herkunft: Ich fahre zum Shoppen gerne mal r\u00fcber in die Niederlande. Und sp\u00e4testens wenn ich dort bin, schalte ich mein Radio auf 3FM um (sprich &#8222;Drie-effemm&#8220;). Ein Sender mit furchtbar cooler Musik (in meinen Ohren) und schrecklich viel Werbung. Mein Niederl\u00e4ndisch ist sehr rudiment\u00e4r, aber ein bi\u00dfchen was verstehe ich schon. Und im Programm und Werbung h\u00f6rte ich immer wieder das Wort &#8222;P\u00fcntanell&#8220; und konnte mir darauf keinen Reim machen. Bis mir irgendwann klar wurde, dass damit &#8222;punt enn ell&#8220; gemeint ist. Also .nl f\u00fcr die First-Level-Domain. Also die L\u00e4nderkennung der Niederlande im Internet. Dieser Begriff hat sich bei uns festgesetzt f\u00fcr &#8222;Niederlande&#8220; bzw &#8222;Holland&#8220;. Und irgendwie ist es ein niedliches, sympathisches, sinnloses Wort. Also genau der richtige Titel, wenn es um uns gehen soll.<\/p>\n<p>Fragen zu uns und dem Blog sind bitte an ella (\u00e4tt) gmx (Punkt) de zu stellen. Oder als Kommentar. Und weiteres \u00fcber uns kann man auch dem Blogroll entnehmen.<\/p>\n<p>&nbsp;<\/p>\n","protected":false},"excerpt":{"rendered":"<p>Dieses Blog ist der Nachfolger von http:\/\/unser-kind-kommt.de\/. Denn das Kind ist nun da und hei\u00dft Lina Theresa. Hier geht es also unser Leben mit Lina Theresa. &#8222;Uns&#8220; das sind in erster Linie Erik und Christine aus M\u00f6nchengladbach-Rheydt. Das &#8222;Rheydt&#8220; ist wichtig, wie man im Verlaufe der Zeit noch feststellen wird. Und zu uns geh\u00f6rt auch [&hellip;]<\/p>\n","protected":false},"author":1,"featured_media":0,"parent":0,"menu_order":0,"comment_status":"closed","ping_status":"open","template":"","meta":{"ngg_post_thumbnail":0},"_links":{"self":[{"href":"http:\/\/xn--pntanell-65a.de\/index.php?rest_route=\/wp\/v2\/pages\/5"}],"collection":[{"href":"http:\/\/xn--pntanell-65a.de\/index.php?rest_route=\/wp\/v2\/pages"}],"about":[{"href":"http:\/\/xn--pntanell-65a.de\/index.php?rest_route=\/wp\/v2\/types\/page"}],"author":[{"embeddable":true,"href":"http:\/\/xn--pntanell-65a.de\/index.php?rest_route=\/wp\/v2\/users\/1"}],"replies":[{"embeddable":true,"href":"http:\/\/xn--pntanell-65a.de\/index.php?rest_route=%2Fwp%2Fv2%2Fcomments&post=5"}],"version-history":[{"count":1,"href":"http:\/\/xn--pntanell-65a.de\/index.php?rest_route=\/wp\/v2\/pages\/5\/revisions"}],"predecessor-version":[{"id":3381,"href":"http:\/\/xn--pntanell-65a.de\/index.php?rest_route=\/wp\/v2\/pages\/5\/revisions\/3381"}],"wp:attachment":[{"href":"http:\/\/xn--pntanell-65a.de\/index.php?rest_route=%2Fwp%2Fv2%2Fmedia&parent=5"}],"curies":[{"name":"wp","href":"https:\/\/api.w.org\/{rel}","templated":true}]}}